{"id":42269,"date":"2015-04-26T19:36:19","date_gmt":"2015-04-26T17:36:19","guid":{"rendered":"http:\/\/www.deskmodder.de\/blog\/?page_id=42269"},"modified":"2025-12-31T15:07:03","modified_gmt":"2025-12-31T14:07:03","slug":"deskmodder-de-team","status":"publish","type":"page","link":"https:\/\/www.deskmodder.de\/blog\/deskmodder-de-team\/","title":{"rendered":"\u00dcber Deskmodder.de und das Team"},"content":{"rendered":"<p>Deskmodder.de bietet dir seit 2003 neben News zu den Themen Windows, Software, Hardware und anderen Neuigkeiten aus der Welt des Internets auch viele hilfreiche Tutorials &amp; Tipps in unserem Wiki sowie individuelle Hilfe zu Problemen rund um Windows und den Computer in unserem Forum. Du kannst uns auch bei <a href=\"https:\/\/www.facebook.com\/Deskmodder\" target=\"_blank\" rel=\"noopener noreferrer\">Facebook<\/a> und <a href=\"https:\/\/X.com\/Deskmodder\" target=\"_blank\" rel=\"noopener noreferrer\">X (ehem. Twitter)<\/a> oder einem der <a href=\"https:\/\/www.deskmodder.de\/blog\/informiert-bleiben-folge-deskmodder-de\/\" target=\"_blank\" rel=\"noopener noreferrer\">anderen Dienste<\/a> folgen, um immer auf dem Laufenden zu bleiben.<\/p>\n<p>Solltest du Interesse haben, bei uns mitzumachen, dann z\u00f6gere nicht und melde dich ganz einfach \u00fcber die Tipp-Box rechts in der Sidebar.<\/p>\n<p>&nbsp;<\/p>\n<h3 class=\"entry-title\">Das Team von Deskmodder.de<\/h3>\n<hr \/>\n<div class=\"uebersicht_link\"><div class=\"row\"><div class=\"col\">\u2022 <a href=\"https:\/\/www.deskmodder.de\/blog\/author\/moinmoin\/\" target=\"_blank\" rel=\"noopener noreferrer\"><strong>J\u00fcrgen<\/strong><\/a> &#8211; Nickname: moinmoin<br \/>\n<i class=\"fa fa-envelope\"><\/i> dm_admin(at)deskmodder(.)deEchter Warnem\u00fcnner, ist Administrator dieser Seite, die seit 2003 im Netz existiert. Sein Motto: Durch Hektik bekommt man Falten.<\/div><div class=\"col\"><strong>Aufgaben:<\/strong><br \/>\n\u2022 Verantwortung Operativ<br \/>\n\u2022 Finanzen<br \/>\n\u2022 Ordnung global<br \/>\n\u2022 Redakteur im Blog<br \/>\n\u2022 Social Media<\/div><br \/>\n<\/div><\/p>\n<hr \/>\n<div class=\"row\"><div class=\"col\">\u2022 <a href=\"https:\/\/www.deskmodder.de\/blog\/author\/gumfuzi\/\" target=\"_blank\" rel=\"noopener noreferrer\"><strong>Peter<\/strong><\/a> &#8211; Nickname: Gumfuzi<br \/>\n<i class=\"fa fa-envelope\"><\/i> dm_admin(at)deskmodder(.)de<\/p>\n<p>Stammt aus Linz im sch\u00f6nen \u00d6sterreich. Seine Hobbys: Familie, Computer, Puzzle und nebenbei findet er auch die Zeit, sich um unsere Seite zu k\u00fcmmern, damit hier immer alles ordentlich l\u00e4uft.<\/div><div class=\"col\"><strong>Aufgaben:<\/strong><br \/>\n\u2022 Verantwortung Technik<br \/>\n\u2022 Ordnung global<\/div><br \/>\n<\/div>\n<hr \/>\n<div class=\"row\"><div class=\"col\">\u2022 <a href=\"https:\/\/www.deskmodder.de\/phpBB3\/memberlist.php?mode=viewprofile&amp;u=40764\"><strong>Bj\u00f8rn<\/strong><\/a> &#8211; Nickname: Wagener_bjoern<br \/>\n<i class=\"fa fa-envelope\"><\/i> bjoern(at)deskmodder(.)de<br \/>\nAls hauptberuflicher Journalist schreibe ich vor allem \u00fcber Themenbereiche Blaulicht und Lokales. Bei Deskmodder besetze ich vor allem die Berichterstattung zu Apple, Linux und IT-Security, bin aber auch f\u00fcr andere spannende Themen offen.<\/div><div class=\"col\"><strong>Aufgaben:<\/strong><br \/>\n\u2022 Redakteur im Blog<\/div><br \/>\n<\/div>\n<hr \/>\n<div class=\"row\"><div class=\"col\">\u2022 <a href=\"https:\/\/www.deskmodder.de\/blog\/author\/w8u\/\" target=\"_blank\" rel=\"noopener noreferrer\"><strong>Thomas<\/strong><\/a> &#8211; Nickname: W8U<br \/>\n<i class=\"fa fa-envelope\"><\/i> tl(at)deskmodder(.)de<\/p>\n<p>Technikliebhaber aus Niedersachsen und seit 2013 bei den Deskmoddern. Ist begeisterter Blogger und besch\u00e4ftigt sich in seiner Freizeit noch mit Grafik- und Webdesign sowie Sport.<\/div><div class=\"col\"><strong>Aufgaben:<\/strong><br \/>\n\u2022 Redakteur im Blog<br \/>\n\u2022 Sonstiges<\/div><br \/>\n<\/div>\n<hr \/>\n<div class=\"row\"><div class=\"col\">\u2022 <a href=\"https:\/\/www.deskmodder.de\/blog\/author\/jonas\/\" target=\"_blank\" rel=\"noopener noreferrer\"><strong>Jonas<\/strong><\/a> &#8211; Nickname: Jonas<br \/>\n<i class=\"fa fa-envelope\"><\/i> jonas(at)deskmodder(.)de<\/p>\n<p>Als gelernter Systemadministrator k\u00fcmmert er sich um den Blog und berichtet mit Leidenschaft \u00fcber die Technik von heute.<\/div><div class=\"col\"><strong>Aufgaben:<\/strong><br \/>\n\u2022 Redakteur im Blog<\/div><br \/>\n<\/div>\n<hr \/>\n<div class=\"row\"><div class=\"col\">\u2022 <a href=\"https:\/\/www.deskmodder.de\/blog\/author\/timbotillo\/\" target=\"_blank\" rel=\"noopener noreferrer\"><strong>Tim<\/strong><\/a> &#8211; Nickname: TimboTillo<br \/>\n<i class=\"fa fa-envelope\"><\/i> <a href=\"https:\/\/www.deskmodder.de\/phpBB3\/ucp.php?i=pm&amp;mode=compose&amp;u=35737\" target=\"_blank\" rel=\"noopener noreferrer\">Private Nachricht senden<\/a><\/p>\n<p>Echter Grafschafter und Niedersachse. Seit 2016 hier im Blog und interessiert sich oft f\u00fcr technische Dinge, die keine Beachtung oder nur wenig Platz in der Onlinewelt finden.<\/div><div class=\"col\"><strong>Aufgaben:<\/strong><br \/>\n\u2022 Redakteur im Blog<br \/>\n\u2022 Social Media (Facebook, YouTube)<\/div><br \/>\n<\/div>\n<hr \/>\n<div class=\"row\"><div class=\"col\">\u2022 <a href=\"https:\/\/www.deskmodder.de\/blog\/author\/3dz9j56\/\" target=\"_blank\" rel=\"noopener noreferrer\"><strong>Jonas<\/strong><\/a> &#8211; Nickname: 3dz9j56<br \/>\n<i class=\"fa fa-envelope\"><\/i> <a href=\"https:\/\/www.deskmodder.de\/phpBB3\/ucp.php?i=pm&amp;mode=compose&amp;u=34073\" target=\"_blank\" rel=\"noopener noreferrer\">Private Nachricht senden<\/a><\/p>\n<p>Student, Blogger und Entwickler von Apps f\u00fcr Windows Phone. Auch unsere gro\u00dfartige Deskmodder-App stammt aus seiner Feder.<\/div><div class=\"col\"><strong>Aufgaben:<\/strong><br \/>\n\u2022 App-Entwicklung (Windows)<\/div><br \/>\n<\/div>\n<hr \/>\n<div class=\"row\"><div class=\"col\">\u2022 <a href=\"https:\/\/www.deskmodder.de\/phpBB3\/memberlist.php?mode=viewprofile&amp;u=37937\" target=\"_blank\" rel=\"noopener noreferrer\"><strong>Tim<\/strong><\/a> &#8211; Nickname: Tb2706<br \/>\n<i class=\"fa fa-envelope\"><\/i> <a href=\"https:\/\/www.deskmodder.de\/phpBB3\/ucp.php?i=pm&amp;mode=compose&amp;u=37937\" target=\"_blank\" rel=\"noopener noreferrer\">Private Nachricht senden<\/a><\/p>\n<p>Technikbegeisterter Sch\u00fcler, Hobbyprogrammierer und Windows-Fan. In seiner Freizeit spielt er als Ausgleich Fu\u00dfball oder f\u00e4hrt sein Modellauto spazieren.<\/div><div class=\"col\"><strong>Aufgaben:<\/strong><br \/>\n\u2022 App-Entwicklung (Android + iOS)<\/div><br \/>\n<\/div>\n<hr \/>\n<\/div>\n<p>Die Liste ist damit nat\u00fcrlich nicht ganz komplett. Immer wieder ver\u00f6ffentlichen wir auch Gastbeitr\u00e4ge und Blog-Posts von weniger aktiven Redakteuren.<\/p>\n<p>&nbsp;<\/p>\n<h3 id=\"transparenz\" class=\"entry-title\">Transparenz<\/h3>\n<p>Deskmodder.de ist ein nicht kommerzielles Webprojekt und finanziert sich nur durch Spenden, Werbung von Google Adsense und das Amazon-Partnerprogramm. Entsprechende Affiliate-Links werden ganz klar durch ein ausgef\u00fclltes Quadrat mit Pfeil <i class=\"fa fa-external-link-square\"><\/i> und ein <a href=\"https:\/\/www.deskmodder.de\/blog\/wp-content\/uploads\/2017\/12\/bildschirmfoto-2017-12-27-um-182435.png\" rel=\"lightbox[42269]\">Popup<\/a> am unteren Bildschirmrand von anderen Links visuell getrennt. Auch der Beitragstext selbst wird zugunsten eines angenehmeren Leseflusses von keiner Werbung unterbrochen. Wer Werbung trotzdem blockt, ist bei uns dennoch willkommen: Es gibt keine nervigen Hinweise und alle Inhalte sind aufrufbar. Unsere Redakteure im Blog investieren ihre Freizeit und schreiben vollkommen unabh\u00e4ngig \u2013 dies gilt auch f\u00fcr etwaige Testberichte. Wenn uns Testger\u00e4te f\u00fcr einen bestimmten Zeitraum von Firmen bereitgestellt werden, weisen wir im Testbericht darauf hin.<\/p>\n<p>Im Forum gibt es ein paar Informationen dar\u00fcber, wie man uns unterst\u00fctzen kann: <a href=\"https:\/\/www.deskmodder.de\/phpBB3\/viewtopic.php?p=141644#p141644\">Deskmodder.de unterst\u00fctzen<\/a><\/p>\n","protected":false},"excerpt":{"rendered":"<p>Deskmodder.de bietet dir seit 2003 neben News zu den Themen Windows, Software, Hardware und anderen Neuigkeiten aus der Welt des Internets auch viele hilfreiche Tutorials &amp; Tipps in unserem Wiki sowie individuelle Hilfe zu Problemen rund um Windows und den&hellip; <\/p>\n","protected":false},"author":1525,"featured_media":0,"parent":0,"menu_order":0,"comment_status":"closed","ping_status":"closed","template":"","meta":{"jetpack_post_was_ever_published":false,"footnotes":""},"class_list":["post-42269","page","type-page","status-publish","hentry"],"wp_featured_image":null,"commentcount":0,"wp_comments":[],"wp_author":{"id":1525,"name":"W8U","description":"Technikliebhaber aus Niedersachsen und seit 2013 bei den Deskmoddern. Interessiert sich f\u00fcr (fast) alles, durch das Strom flie\u00dft: Computer, Smartphones, Tablets, Autos und so weiter.","author_avatar_urls":{"24":"https:\/\/secure.gravatar.com\/avatar\/a1e9db99fdd71a9ae2c516203e3fcd390817fa98f868eb9ba6d4a77d1a815cd4?s=24&d=mm&r=g","48":"https:\/\/secure.gravatar.com\/avatar\/a1e9db99fdd71a9ae2c516203e3fcd390817fa98f868eb9ba6d4a77d1a815cd4?s=48&d=mm&r=g","96":"https:\/\/secure.gravatar.com\/avatar\/a1e9db99fdd71a9ae2c516203e3fcd390817fa98f868eb9ba6d4a77d1a815cd4?s=96&d=mm&r=g"}},"cld_nonce":"6f1416d37a","yoast_head":"<!-- This site is optimized with the Yoast SEO Premium plugin v27.4 (Yoast SEO v27.4) - https:\/\/yoast.com\/product\/yoast-seo-premium-wordpress\/ -->\n<title>\u00dcber Deskmodder.de und das Team - Deskmodder.de<\/title>\n<meta name=\"robots\" content=\"index, follow, max-snippet:-1, max-image-preview:large, max-video-preview:-1\" \/>\n<link rel=\"canonical\" href=\"https:\/\/www.deskmodder.de\/blog\/deskmodder-de-team\/\" \/>\n<meta property=\"og:locale\" content=\"de_DE\" \/>\n<meta property=\"og:type\" content=\"article\" \/>\n<meta property=\"og:title\" content=\"\u00dcber Deskmodder.de und das Team\" \/>\n<meta property=\"og:description\" content=\"Deskmodder.de bietet dir seit 2003 neben News zu den Themen Windows, Software, Hardware und anderen Neuigkeiten aus der Welt des Internets auch viele hilfreiche Tutorials &amp; Tipps in unserem Wiki sowie individuelle Hilfe zu Problemen rund um Windows und den&hellip;\" \/>\n<meta property=\"og:url\" content=\"https:\/\/www.deskmodder.de\/blog\/deskmodder-de-team\/\" \/>\n<meta property=\"og:site_name\" content=\"Deskmodder.de\" \/>\n<meta property=\"article:publisher\" content=\"https:\/\/www.facebook.com\/Deskmodder\" \/>\n<meta property=\"article:modified_time\" content=\"2025-12-31T14:07:03+00:00\" \/>\n<meta property=\"og:image\" content=\"http:\/\/www.deskmodder.de\/blog\/wp-content\/uploads\/2015\/04\/deskmodder_a.png\" \/>\n<meta name=\"twitter:card\" content=\"summary_large_image\" \/>\n<meta name=\"twitter:site\" content=\"@Deskmodder\" \/>\n<script type=\"application\/ld+json\" class=\"yoast-schema-graph\">{\"@context\":\"https:\\\/\\\/schema.org\",\"@graph\":[{\"@type\":\"WebPage\",\"@id\":\"https:\\\/\\\/www.deskmodder.de\\\/blog\\\/deskmodder-de-team\\\/\",\"url\":\"https:\\\/\\\/www.deskmodder.de\\\/blog\\\/deskmodder-de-team\\\/\",\"name\":\"\u00dcber Deskmodder.de und das Team - Deskmodder.de\",\"isPartOf\":{\"@id\":\"https:\\\/\\\/www.deskmodder.de\\\/blog\\\/#website\"},\"datePublished\":\"2015-04-26T17:36:19+00:00\",\"dateModified\":\"2025-12-31T14:07:03+00:00\",\"breadcrumb\":{\"@id\":\"https:\\\/\\\/www.deskmodder.de\\\/blog\\\/deskmodder-de-team\\\/#breadcrumb\"},\"inLanguage\":\"de\",\"potentialAction\":[{\"@type\":\"ReadAction\",\"target\":[\"https:\\\/\\\/www.deskmodder.de\\\/blog\\\/deskmodder-de-team\\\/\"]}]},{\"@type\":\"BreadcrumbList\",\"@id\":\"https:\\\/\\\/www.deskmodder.de\\\/blog\\\/deskmodder-de-team\\\/#breadcrumb\",\"itemListElement\":[{\"@type\":\"ListItem\",\"position\":1,\"name\":\"Startseite\",\"item\":\"https:\\\/\\\/www.deskmodder.de\\\/blog\\\/\"},{\"@type\":\"ListItem\",\"position\":2,\"name\":\"\u00dcber Deskmodder.de und das Team\"}]},{\"@type\":\"WebSite\",\"@id\":\"https:\\\/\\\/www.deskmodder.de\\\/blog\\\/#website\",\"url\":\"https:\\\/\\\/www.deskmodder.de\\\/blog\\\/\",\"name\":\"Deskmodder.de\",\"description\":\"News zum Thema Microsoft, Windows 11 \\\/ 10, sowie anderen Neuigkeiten aus dem Netz, viele Tipps und individuelle Hilfe bei Problemen in unserem Forum \u25cf Deskmodder - seit 2003\",\"publisher\":{\"@id\":\"https:\\\/\\\/www.deskmodder.de\\\/blog\\\/#organization\"},\"potentialAction\":[{\"@type\":\"SearchAction\",\"target\":{\"@type\":\"EntryPoint\",\"urlTemplate\":\"https:\\\/\\\/www.deskmodder.de\\\/blog\\\/?s={search_term_string}\"},\"query-input\":{\"@type\":\"PropertyValueSpecification\",\"valueRequired\":true,\"valueName\":\"search_term_string\"}}],\"inLanguage\":\"de\"},{\"@type\":\"Organization\",\"@id\":\"https:\\\/\\\/www.deskmodder.de\\\/blog\\\/#organization\",\"name\":\"Deskmodder\",\"url\":\"https:\\\/\\\/www.deskmodder.de\\\/blog\\\/\",\"logo\":{\"@type\":\"ImageObject\",\"inLanguage\":\"de\",\"@id\":\"https:\\\/\\\/www.deskmodder.de\\\/blog\\\/#\\\/schema\\\/logo\\\/image\\\/\",\"url\":\"https:\\\/\\\/www.deskmodder.de\\\/blog\\\/wp-content\\\/uploads\\\/2019\\\/01\\\/deskmodder-logo-app.png\",\"contentUrl\":\"https:\\\/\\\/www.deskmodder.de\\\/blog\\\/wp-content\\\/uploads\\\/2019\\\/01\\\/deskmodder-logo-app.png\",\"width\":281,\"height\":286,\"caption\":\"Deskmodder\"},\"image\":{\"@id\":\"https:\\\/\\\/www.deskmodder.de\\\/blog\\\/#\\\/schema\\\/logo\\\/image\\\/\"},\"sameAs\":[\"https:\\\/\\\/www.facebook.com\\\/Deskmodder\",\"https:\\\/\\\/x.com\\\/Deskmodder\",\"https:\\\/\\\/mastodontech.de\\\/@Deskmodder\",\"https:\\\/\\\/www.youtube.com\\\/user\\\/deskmodder\",\"https:\\\/\\\/mewe.com\\\/group\\\/5c83b5231add826fc80cdae1\"]}]}<\/script>\n<!-- \/ Yoast SEO Premium plugin. -->","yoast_head_json":{"title":"\u00dcber Deskmodder.de und das Team - Deskmodder.de","robots":{"index":"index","follow":"follow","max-snippet":"max-snippet:-1","max-image-preview":"max-image-preview:large","max-video-preview":"max-video-preview:-1"},"canonical":"https:\/\/www.deskmodder.de\/blog\/deskmodder-de-team\/","og_locale":"de_DE","og_type":"article","og_title":"\u00dcber Deskmodder.de und das Team","og_description":"Deskmodder.de bietet dir seit 2003 neben News zu den Themen Windows, Software, Hardware und anderen Neuigkeiten aus der Welt des Internets auch viele hilfreiche Tutorials &amp; Tipps in unserem Wiki sowie individuelle Hilfe zu Problemen rund um Windows und den&hellip;","og_url":"https:\/\/www.deskmodder.de\/blog\/deskmodder-de-team\/","og_site_name":"Deskmodder.de","article_publisher":"https:\/\/www.facebook.com\/Deskmodder","article_modified_time":"2025-12-31T14:07:03+00:00","og_image":[{"url":"http:\/\/www.deskmodder.de\/blog\/wp-content\/uploads\/2015\/04\/deskmodder_a.png","type":"","width":"","height":""}],"twitter_card":"summary_large_image","twitter_site":"@Deskmodder","schema":{"@context":"https:\/\/schema.org","@graph":[{"@type":"WebPage","@id":"https:\/\/www.deskmodder.de\/blog\/deskmodder-de-team\/","url":"https:\/\/www.deskmodder.de\/blog\/deskmodder-de-team\/","name":"\u00dcber Deskmodder.de und das Team - Deskmodder.de","isPartOf":{"@id":"https:\/\/www.deskmodder.de\/blog\/#website"},"datePublished":"2015-04-26T17:36:19+00:00","dateModified":"2025-12-31T14:07:03+00:00","breadcrumb":{"@id":"https:\/\/www.deskmodder.de\/blog\/deskmodder-de-team\/#breadcrumb"},"inLanguage":"de","potentialAction":[{"@type":"ReadAction","target":["https:\/\/www.deskmodder.de\/blog\/deskmodder-de-team\/"]}]},{"@type":"BreadcrumbList","@id":"https:\/\/www.deskmodder.de\/blog\/deskmodder-de-team\/#breadcrumb","itemListElement":[{"@type":"ListItem","position":1,"name":"Startseite","item":"https:\/\/www.deskmodder.de\/blog\/"},{"@type":"ListItem","position":2,"name":"\u00dcber Deskmodder.de und das Team"}]},{"@type":"WebSite","@id":"https:\/\/www.deskmodder.de\/blog\/#website","url":"https:\/\/www.deskmodder.de\/blog\/","name":"Deskmodder.de","description":"News zum Thema Microsoft, Windows 11 \/ 10, sowie anderen Neuigkeiten aus dem Netz, viele Tipps und individuelle Hilfe bei Problemen in unserem Forum \u25cf Deskmodder - seit 2003","publisher":{"@id":"https:\/\/www.deskmodder.de\/blog\/#organization"},"potentialAction":[{"@type":"SearchAction","target":{"@type":"EntryPoint","urlTemplate":"https:\/\/www.deskmodder.de\/blog\/?s={search_term_string}"},"query-input":{"@type":"PropertyValueSpecification","valueRequired":true,"valueName":"search_term_string"}}],"inLanguage":"de"},{"@type":"Organization","@id":"https:\/\/www.deskmodder.de\/blog\/#organization","name":"Deskmodder","url":"https:\/\/www.deskmodder.de\/blog\/","logo":{"@type":"ImageObject","inLanguage":"de","@id":"https:\/\/www.deskmodder.de\/blog\/#\/schema\/logo\/image\/","url":"https:\/\/www.deskmodder.de\/blog\/wp-content\/uploads\/2019\/01\/deskmodder-logo-app.png","contentUrl":"https:\/\/www.deskmodder.de\/blog\/wp-content\/uploads\/2019\/01\/deskmodder-logo-app.png","width":281,"height":286,"caption":"Deskmodder"},"image":{"@id":"https:\/\/www.deskmodder.de\/blog\/#\/schema\/logo\/image\/"},"sameAs":["https:\/\/www.facebook.com\/Deskmodder","https:\/\/x.com\/Deskmodder","https:\/\/mastodontech.de\/@Deskmodder","https:\/\/www.youtube.com\/user\/deskmodder","https:\/\/mewe.com\/group\/5c83b5231add826fc80cdae1"]}]}},"_links":{"self":[{"href":"https:\/\/www.deskmodder.de\/blog\/wp-json\/wp\/v2\/pages\/42269","targetHints":{"allow":["GET"]}}],"collection":[{"href":"https:\/\/www.deskmodder.de\/blog\/wp-json\/wp\/v2\/pages"}],"about":[{"href":"https:\/\/www.deskmodder.de\/blog\/wp-json\/wp\/v2\/types\/page"}],"author":[{"embeddable":true,"href":"https:\/\/www.deskmodder.de\/blog\/wp-json\/wp\/v2\/users\/1525"}],"replies":[{"embeddable":true,"href":"https:\/\/www.deskmodder.de\/blog\/wp-json\/wp\/v2\/comments?post=42269"}],"version-history":[{"count":3,"href":"https:\/\/www.deskmodder.de\/blog\/wp-json\/wp\/v2\/pages\/42269\/revisions"}],"predecessor-version":[{"id":207772,"href":"https:\/\/www.deskmodder.de\/blog\/wp-json\/wp\/v2\/pages\/42269\/revisions\/207772"}],"wp:attachment":[{"href":"https:\/\/www.deskmodder.de\/blog\/wp-json\/wp\/v2\/media?parent=42269"}],"curies":[{"name":"wp","href":"https:\/\/api.w.org\/{rel}","templated":true}]}}