{"id":138873,"date":"2020-05-16T13:36:22","date_gmt":"2020-05-16T11:36:22","guid":{"rendered":"https:\/\/www.deskmodder.de\/blog\/?page_id=138873"},"modified":"2020-05-16T13:36:22","modified_gmt":"2020-05-16T11:36:22","slug":"138873-2","status":"publish","type":"page","link":"https:\/\/www.deskmodder.de\/blog\/138873-2\/","title":{"rendered":""},"content":{"rendered":"<p>&nbsp;<\/p>\n<h4>Deskmodder-App f\u00fcr Windows 10 und Windows 10 Mobile<\/h4>\n<p><!-- WP-Appbox (Version: 4.5.13 \/\/ Store: microsoftstore \/\/ ID: 9wzdncrdfx92) -->\n<div class=\"wpappbox wpappbox-a5a57cebac48a303d19e138b7abb4f24 microsoftstore screenshots\">\n\t<div class=\"qrcode\"><img decoding=\"async\" src=\"https:\/\/api.qrserver.com\/v1\/create-qr-code\/?data=https%3A%2F%2Fwww.microsoft.com%2Fde-de%2Fstore%2Fp%2Fapp%2F9wzdncrdfx92&size=200x200&ecc=M&margin=0\" alt=\"Deskmodder.de\" \/><\/div>\n\t<div class=\"appicon\">\n\t\t<a target=\"_blank\" rel=\"nofollow\" href=\"https:\/\/www.microsoft.com\/de-de\/store\/p\/app\/9wzdncrdfx92\" aria-label=\"Deskmodder.de\"><img decoding=\"async\" src=\"\/\/store-images.s-microsoft.com\/image\/apps.62587.9007199266294879.41c7f8cf-0486-4edf-8bab-40312543ddf5.27cc40af-3905-4df8-bd17-3f77566cda71?background=%230078D7&#038;w=92&#038;q=80\" alt=\"Deskmodder.de\" \/><\/a>\n\t<\/div>\n\t<div class=\"applinks\">\n\t\t<div class=\"appbuttons\">\n\t\t\t<a target=\"_blank\" rel=\"nofollow\" href=\"https:\/\/www.microsoft.com\/de-de\/store\/p\/app\/9wzdncrdfx92\" aria-label=\"Deskmodder.de\">Download<\/a>\n\t\t\t<span onMouseOver=\"jQuery('.wpappbox-a5a57cebac48a303d19e138b7abb4f24 .qrcode').show();\" onMouseOut=\"jQuery('.wpappbox-a5a57cebac48a303d19e138b7abb4f24 .qrcode').hide();\">QR-Code<\/span>\n\t\t<\/div>\n\t<\/div>\n\t<div class=\"appdetails\">\n\t\t<div class=\"apptitle\"><a target=\"_blank\" rel=\"nofollow\" href=\"https:\/\/www.microsoft.com\/de-de\/store\/p\/app\/9wzdncrdfx92\" class=\"apptitle\" aria-label=\"Deskmodder.de\">Deskmodder.de<\/a><\/div>\n\t\t<div class=\"developer\">\n\t\t\t<span class=\"label\">Entwickler: <\/span>\n\t\t\t<span class=\"value\">\u202aJonas Zoche\u202c<\/span>\n\t\t<\/div>\n\t\t<div class=\"price\">\n\t\t\t<span class=\"label\">Preis: <\/span>\n\t\t\t<span class=\"value\">Kostenlos<\/span> \n\t\t\t<span class=\"rating\"><div title=\"5 von 5 Sternen\" class=\"rating-stars stars-monochrome stars50\"><\/div><\/span>\n\t\t<\/div>\n\t<\/div>\n\t<div class=\"screenshots\">\n\t\t<div class=\"slider\">\n\t\t\t<ul><li><img decoding=\"async\" src=\"\" alt=\"Deskmodder.de Screenshot\" title=\"\" \/><\/li><li><img decoding=\"async\" src=\"\" alt=\"Deskmodder.de Screenshot\" title=\"\" \/><\/li><\/ul>\n\t\t<\/div>\n\t<\/div>\n\t<div style=\"clear:both;\"><\/div>\n<\/div><!-- \/WP-Appbox --><br \/>\n&nbsp;<\/p>\n<h4>Deskmodder-App f\u00fcr Android<\/h4>\n<p><!-- WP-Appbox (Version: 4.5.13 \/\/ Store: googleplay \/\/ ID: com.deskmodder) -->\n<div class=\"wpappbox wpappbox-ead6704d15058487379c317b47f7c680 googleplay simple\">\n\t<div class=\"qrcode\"><img decoding=\"async\" src=\"https:\/\/api.qrserver.com\/v1\/create-qr-code\/?data=https%3A%2F%2Fplay.google.com%2Fstore%2Fapps%2Fdetails%3Fid%3Dcom.deskmodder&size=200x200&ecc=M&margin=0\" alt=\"Deskmodder.de | News, Tipps und Hilfe\" \/><\/div>\n\t<div class=\"appicon\">\n\t\t<a target=\"_blank\" rel=\"nofollow\" href=\"https:\/\/play.google.com\/store\/apps\/details?id=com.deskmodder\" aria-label=\"Deskmodder.de | News, Tipps und Hilfe\"><img decoding=\"async\" src=\"\/\/lh3.googleusercontent.com\/hOZYvQ_7HXsOjxQ6np1afKMlNZ8PhuHWzjbRLZQ2PMRv_b-AAvv7paN2nksOtwuj8g=s180\" alt=\"Deskmodder.de | News, Tipps und Hilfe\" \/><\/a>\n\t<\/div>\n\t<div class=\"applinks\">\n\t\t<div class=\"appbuttons\">\n\t\t\t<a target=\"_blank\" rel=\"nofollow\" href=\"https:\/\/play.google.com\/store\/apps\/details?id=com.deskmodder\" aria-label=\"Deskmodder.de | News, Tipps und Hilfe\">Download<\/a>\n\t\t\t<span onMouseOver=\"jQuery('.wpappbox-ead6704d15058487379c317b47f7c680 .qrcode').show();\" onMouseOut=\"jQuery('.wpappbox-ead6704d15058487379c317b47f7c680 .qrcode').hide();\">QR-Code<\/span>\n\t\t<\/div>\n\t<\/div>\n\t<div class=\"appdetails\">\n\t\t<div class=\"apptitle\"><a target=\"_blank\" rel=\"nofollow\" href=\"https:\/\/play.google.com\/store\/apps\/details?id=com.deskmodder\" title=\"Deskmodder.de | News, Tipps und Hilfe\" aria-label=\"Deskmodder.de | News, Tipps und Hilfe\" class=\"apptitle\">Deskmodder.de | News, Tipps und Hilfe<\/a><\/div>\n\t\t<div class=\"developer\">\n\t\t\t<span class=\"label\">Entwickler: <\/span>\n\t\t\t<span class=\"value\"><a target=\"_blank\" rel=\"nofollow\" href=\"https:\/\/play.google.com\/store\/apps\/dev?id=7335937725985305693\">deskmodder.de<\/a><\/span>\n\t\t<\/div>\n\t\t<div class=\"price\">\n\t\t\t<span class=\"label\">Preis: <\/span>\n\t\t\t<span class=\"value\">Kostenlos<\/span> \n\t\t\t<span class=\"rating\"><div title=\"5 von 5 Sternen\" class=\"rating-stars stars-monochrome stars50\"><\/div><\/span>\n\t\t<\/div>\n\t<\/div>\n<\/div><!-- \/WP-Appbox --><br \/>\n&nbsp;<\/p>\n<h4>Deskmodder-App f\u00fcr iPhone, iPad und iPod touch<\/h4>\n<!-- WP-Appbox (Version: 4.5.13 \/\/ Store: appstore \/\/ ID: 1478451921) -->\n<div class=\"wpappbox wpappbox-debd8e966aaf98d3a94de36a39bbcee1 appstore screenshots\">\n\t<div class=\"qrcode\"><img decoding=\"async\" src=\"https:\/\/api.qrserver.com\/v1\/create-qr-code\/?data=https%3A%2F%2Fapps.apple.com%2Fde%2Fapp%2Fdeskmodder%2Fid1478451921&size=200x200&ecc=M&margin=0\" alt=\"\u200eDeskmodder\" \/><\/div>\n\t<div class=\"appicon\">\n\t\t<a target=\"_blank\" rel=\"nofollow\" href=\"https:\/\/apps.apple.com\/de\/app\/deskmodder\/id1478451921\" aria-label=\"\u200eDeskmodder\"><img decoding=\"async\" src=\"\/\/is4-ssl.mzstatic.com\/image\/thumb\/Purple113\/v4\/cf\/0f\/ec\/cf0fec1f-62c8-e7bd-b69f-99ec550d3c99\/AppIcon-1x_U007emarketing-0-7-0-85-220.png\/246x0w.png\" alt=\"\u200eDeskmodder\" \/><\/a>\n\t<\/div>\n\t<div class=\"applinks\">\n\t\t<div class=\"appbuttons\">\n\t\t\t<a target=\"_blank\" rel=\"nofollow\" href=\"https:\/\/apps.apple.com\/de\/app\/deskmodder\/id1478451921\" aria-label=\"\u200eDeskmodder\">Download<\/a>\n\t\t\t<span onMouseOver=\"jQuery('.wpappbox-debd8e966aaf98d3a94de36a39bbcee1 .qrcode').show();\" onMouseOut=\"jQuery('.wpappbox-debd8e966aaf98d3a94de36a39bbcee1 .qrcode').hide();\">QR-Code<\/span>\n\t\t<\/div>\n\t<\/div>\n\t<div class=\"appdetails\">\n\t\t<div class=\"apptitle\"><a target=\"_blank\" rel=\"nofollow\" href=\"https:\/\/apps.apple.com\/de\/app\/deskmodder\/id1478451921\" class=\"apptitle\" aria-label=\"\u200eDeskmodder\">\u200eDeskmodder<\/a><\/div>\n\t\t<div class=\"developer\">\n\t\t\t<span class=\"label\">Entwickler: <\/span>\n\t\t\t<span class=\"value\">Unbekannt<\/span>\n\t\t<\/div>\n\t\t<div class=\"price\">\n\t\t\t<span class=\"label\">Preis: <\/span>\n\t\t\t<span class=\"value\">Kostenlos<\/span> \n\t\t\t<span class=\"rating\"><\/span>\n\t\t<\/div>\n\t<\/div>\n\t<div class=\"screenshots\">\n\t\t<div class=\"slider\">\n\t\t\t<ul><li><img decoding=\"async\" src=\"\/\/is5-ssl.mzstatic.com\/image\/thumb\/Purple113\/v4\/8d\/38\/f6\/8d38f64c-52ee-cf79-f7a1-cecd5f05dce0\/pr_source.png\/300x0w.png\" alt=\"\u200eDeskmodder Screenshot\" title=\"\" \/><\/li><li><img decoding=\"async\" src=\"\/\/is2-ssl.mzstatic.com\/image\/thumb\/Purple113\/v4\/0b\/4a\/d0\/0b4ad023-fb02-c463-b77a-b309bc5feaed\/pr_source.png\/300x0w.png\" alt=\"\u200eDeskmodder Screenshot\" title=\"\" \/><\/li><li><img decoding=\"async\" src=\"\/\/is4-ssl.mzstatic.com\/image\/thumb\/Purple113\/v4\/ef\/7d\/d7\/ef7dd7df-6f3a-cb8c-8e45-f7bce08c5635\/pr_source.png\/300x0w.png\" alt=\"\u200eDeskmodder Screenshot\" title=\"\" \/><\/li><li><img decoding=\"async\" src=\"\/\/is1-ssl.mzstatic.com\/image\/thumb\/Purple113\/v4\/9c\/3f\/05\/9c3f05b7-8314-4911-d715-eccddcec1815\/pr_source.png\/300x0w.png\" alt=\"\u200eDeskmodder Screenshot\" title=\"\" \/><\/li><li><img decoding=\"async\" src=\"\/\/is4-ssl.mzstatic.com\/image\/thumb\/Purple113\/v4\/2c\/b0\/fa\/2cb0fac7-ad8c-0f14-bfe5-4a92516c6e70\/pr_source.png\/300x0w.png\" alt=\"\u200eDeskmodder Screenshot\" title=\"\" \/><\/li><li><img decoding=\"async\" src=\"\/\/is4-ssl.mzstatic.com\/image\/thumb\/Purple123\/v4\/83\/6e\/56\/836e5642-1937-c2a3-43f5-6915083b7a49\/pr_source.png\/643x0w.png\" alt=\"\u200eDeskmodder Screenshot\" title=\"\" \/><\/li><li><img decoding=\"async\" src=\"\/\/is1-ssl.mzstatic.com\/image\/thumb\/Purple113\/v4\/4e\/d8\/5d\/4ed85d6f-f1f8-8caa-80f0-0c941735dbb0\/pr_source.png\/643x0w.png\" alt=\"\u200eDeskmodder Screenshot\" title=\"\" \/><\/li><li><img decoding=\"async\" src=\"\/\/is4-ssl.mzstatic.com\/image\/thumb\/Purple123\/v4\/d6\/90\/44\/d690442f-2c3f-6726-cf4f-2d30f6057d8f\/pr_source.png\/643x0w.png\" alt=\"\u200eDeskmodder Screenshot\" title=\"\" \/><\/li><li><img decoding=\"async\" src=\"\/\/is2-ssl.mzstatic.com\/image\/thumb\/Purple113\/v4\/d8\/66\/69\/d866691c-d376-3d8f-7c17-bcfabef8e2b7\/pr_source.png\/643x0w.png\" alt=\"\u200eDeskmodder Screenshot\" title=\"\" \/><\/li><li><img decoding=\"async\" src=\"\/\/is3-ssl.mzstatic.com\/image\/thumb\/Purple123\/v4\/70\/a4\/45\/70a445a8-d96c-841a-fc0d-2016c74517a0\/pr_source.png\/643x0w.png\" alt=\"\u200eDeskmodder Screenshot\" title=\"\" \/><\/li><li><img decoding=\"async\" src=\"\/\/is4-ssl.mzstatic.com\/image\/thumb\/Purple123\/v4\/2a\/2b\/5d\/2a2b5dd8-fc1b-2e30-2d03-5b9e85864553\/pr_source.png\/643x0w.png\" alt=\"\u200eDeskmodder Screenshot\" title=\"\" \/><\/li><li><img decoding=\"async\" src=\"\/\/is2-ssl.mzstatic.com\/image\/thumb\/Purple123\/v4\/42\/ad\/46\/42ad468b-fb1b-98f2-9389-144a427986a5\/pr_source.png\/643x0w.png\" alt=\"\u200eDeskmodder Screenshot\" title=\"\" \/><\/li><li><img decoding=\"async\" src=\"\/\/is4-ssl.mzstatic.com\/image\/thumb\/Purple123\/v4\/48\/65\/67\/486567df-3340-9470-05e8-1a215fa7f1d0\/pr_source.png\/643x0w.png\" alt=\"\u200eDeskmodder Screenshot\" title=\"\" \/><\/li><li><img decoding=\"async\" src=\"\/\/is1-ssl.mzstatic.com\/image\/thumb\/Purple123\/v4\/d2\/02\/4a\/d2024ab0-5277-d293-a9c6-c76e6bc87015\/pr_source.png\/643x0w.png\" alt=\"\u200eDeskmodder Screenshot\" title=\"\" \/><\/li><li><img decoding=\"async\" src=\"\/\/is4-ssl.mzstatic.com\/image\/thumb\/Purple123\/v4\/60\/df\/73\/60df7313-843d-14b9-d24b-e0f4f2e077f7\/pr_source.png\/643x0w.png\" alt=\"\u200eDeskmodder Screenshot\" title=\"\" \/><\/li><\/ul>\n\t\t<\/div>\n\t<\/div>\n\t<div style=\"clear:both;\"><\/div>\n<\/div><!-- \/WP-Appbox -->\n","protected":false},"excerpt":{"rendered":"<p>&nbsp; Deskmodder-App f\u00fcr Windows 10 und Windows 10 Mobile &nbsp; Deskmodder-App f\u00fcr Android &nbsp; Deskmodder-App f\u00fcr iPhone, iPad und iPod touch<\/p>\n","protected":false},"author":1525,"featured_media":41749,"parent":0,"menu_order":0,"comment_status":"closed","ping_status":"closed","template":"","meta":{"footnotes":""},"class_list":["post-138873","page","type-page","status-publish","has-post-thumbnail","hentry"],"wp_featured_image":{"id":41749,"alt_text":"","description":"","media_type":"image","media_details":{"width":820,"height":590,"file":"2015\/04\/deskmodder_a.png","sizes":{"thumbnail":{"file":"deskmodder_a-150x150.png","width":150,"height":150,"mime-type":"image\/png","source_url":"https:\/\/www.deskmodder.de\/blog\/wp-content\/uploads\/2015\/04\/deskmodder_a-150x150.png"},"medium":{"file":"deskmodder_a-150x108.png","width":150,"height":108,"mime-type":"image\/png","source_url":"https:\/\/www.deskmodder.de\/blog\/wp-content\/uploads\/2015\/04\/deskmodder_a-150x108.png"},"large":{"file":"deskmodder_a-500x360.png","width":500,"height":360,"mime-type":"image\/png","source_url":"https:\/\/www.deskmodder.de\/blog\/wp-content\/uploads\/2015\/04\/deskmodder_a-500x360.png"}},"image_meta":{"aperture":0,"credit":"","camera":"","caption":"","created_timestamp":0,"copyright":"","focal_length":0,"iso":0,"shutter_speed":0,"title":"","orientation":0}},"post":41708,"source_url":"https:\/\/www.deskmodder.de\/blog\/wp-content\/uploads\/2015\/04\/deskmodder_a.png"},"commentcount":0,"wp_comments":[],"wp_author":{"id":1525,"name":"W8U","description":"Technikliebhaber aus Niedersachsen und seit 2013 bei den Deskmoddern. Interessiert sich f\u00fcr (fast) alles, durch das Strom flie\u00dft: Computer, Smartphones, Tablets, Autos und so weiter.","author_avatar_urls":{"24":"https:\/\/secure.gravatar.com\/avatar\/a1e9db99fdd71a9ae2c516203e3fcd390817fa98f868eb9ba6d4a77d1a815cd4?s=24&d=mm&r=g","48":"https:\/\/secure.gravatar.com\/avatar\/a1e9db99fdd71a9ae2c516203e3fcd390817fa98f868eb9ba6d4a77d1a815cd4?s=48&d=mm&r=g","96":"https:\/\/secure.gravatar.com\/avatar\/a1e9db99fdd71a9ae2c516203e3fcd390817fa98f868eb9ba6d4a77d1a815cd4?s=96&d=mm&r=g"}},"cld_nonce":"2d13fbc76b","yoast_head":"<!-- This site is optimized with the Yoast SEO Premium plugin v27.5 (Yoast SEO v27.5) - https:\/\/yoast.com\/product\/yoast-seo-premium-wordpress\/ -->\n<title>- Deskmodder.de<\/title>\n<meta name=\"robots\" content=\"index, follow, max-snippet:-1, max-image-preview:large, max-video-preview:-1\" \/>\n<link rel=\"canonical\" href=\"https:\/\/www.deskmodder.de\/blog\/138873-2\/\" \/>\n<meta property=\"og:locale\" content=\"de_DE\" \/>\n<meta property=\"og:type\" content=\"article\" \/>\n<meta property=\"og:description\" content=\"&nbsp; Deskmodder-App f\u00fcr Windows 10 und Windows 10 Mobile &nbsp; Deskmodder-App f\u00fcr Android &nbsp; Deskmodder-App f\u00fcr iPhone, iPad und iPod touch\" \/>\n<meta property=\"og:url\" content=\"https:\/\/www.deskmodder.de\/blog\/138873-2\/\" \/>\n<meta property=\"og:site_name\" content=\"Deskmodder.de\" \/>\n<meta property=\"article:publisher\" content=\"https:\/\/www.facebook.com\/Deskmodder\" \/>\n<meta property=\"og:image\" content=\"https:\/\/www.deskmodder.de\/blog\/wp-content\/uploads\/2015\/04\/deskmodder_a.png\" \/>\n\t<meta property=\"og:image:width\" content=\"820\" \/>\n\t<meta property=\"og:image:height\" content=\"590\" \/>\n\t<meta property=\"og:image:type\" content=\"image\/png\" \/>\n<meta name=\"twitter:card\" content=\"summary_large_image\" \/>\n<meta name=\"twitter:site\" content=\"@Deskmodder\" \/>\n<script type=\"application\/ld+json\" class=\"yoast-schema-graph\">{\"@context\":\"https:\\\/\\\/schema.org\",\"@graph\":[{\"@type\":\"WebPage\",\"@id\":\"https:\\\/\\\/www.deskmodder.de\\\/blog\\\/138873-2\\\/\",\"url\":\"https:\\\/\\\/www.deskmodder.de\\\/blog\\\/138873-2\\\/\",\"name\":\"- Deskmodder.de\",\"isPartOf\":{\"@id\":\"https:\\\/\\\/www.deskmodder.de\\\/blog\\\/#website\"},\"primaryImageOfPage\":{\"@id\":\"https:\\\/\\\/www.deskmodder.de\\\/blog\\\/138873-2\\\/#primaryimage\"},\"image\":{\"@id\":\"https:\\\/\\\/www.deskmodder.de\\\/blog\\\/138873-2\\\/#primaryimage\"},\"thumbnailUrl\":\"https:\\\/\\\/www.deskmodder.de\\\/blog\\\/wp-content\\\/uploads\\\/2015\\\/04\\\/deskmodder_a.png\",\"datePublished\":\"2020-05-16T11:36:22+00:00\",\"inLanguage\":\"de\",\"potentialAction\":[{\"@type\":\"ReadAction\",\"target\":[\"https:\\\/\\\/www.deskmodder.de\\\/blog\\\/138873-2\\\/\"]}]},{\"@type\":\"ImageObject\",\"inLanguage\":\"de\",\"@id\":\"https:\\\/\\\/www.deskmodder.de\\\/blog\\\/138873-2\\\/#primaryimage\",\"url\":\"https:\\\/\\\/www.deskmodder.de\\\/blog\\\/wp-content\\\/uploads\\\/2015\\\/04\\\/deskmodder_a.png\",\"contentUrl\":\"https:\\\/\\\/www.deskmodder.de\\\/blog\\\/wp-content\\\/uploads\\\/2015\\\/04\\\/deskmodder_a.png\",\"width\":820,\"height\":590},{\"@type\":\"WebSite\",\"@id\":\"https:\\\/\\\/www.deskmodder.de\\\/blog\\\/#website\",\"url\":\"https:\\\/\\\/www.deskmodder.de\\\/blog\\\/\",\"name\":\"Deskmodder.de\",\"description\":\"News zum Thema Microsoft, Windows 11 \\\/ 10, sowie anderen Neuigkeiten aus dem Netz, viele Tipps und individuelle Hilfe bei Problemen in unserem Forum \u25cf Deskmodder - seit 2003\",\"publisher\":{\"@id\":\"https:\\\/\\\/www.deskmodder.de\\\/blog\\\/#organization\"},\"potentialAction\":[{\"@type\":\"SearchAction\",\"target\":{\"@type\":\"EntryPoint\",\"urlTemplate\":\"https:\\\/\\\/www.deskmodder.de\\\/blog\\\/?s={search_term_string}\"},\"query-input\":{\"@type\":\"PropertyValueSpecification\",\"valueRequired\":true,\"valueName\":\"search_term_string\"}}],\"inLanguage\":\"de\"},{\"@type\":\"Organization\",\"@id\":\"https:\\\/\\\/www.deskmodder.de\\\/blog\\\/#organization\",\"name\":\"Deskmodder\",\"url\":\"https:\\\/\\\/www.deskmodder.de\\\/blog\\\/\",\"logo\":{\"@type\":\"ImageObject\",\"inLanguage\":\"de\",\"@id\":\"https:\\\/\\\/www.deskmodder.de\\\/blog\\\/#\\\/schema\\\/logo\\\/image\\\/\",\"url\":\"https:\\\/\\\/www.deskmodder.de\\\/blog\\\/wp-content\\\/uploads\\\/2019\\\/01\\\/deskmodder-logo-app.png\",\"contentUrl\":\"https:\\\/\\\/www.deskmodder.de\\\/blog\\\/wp-content\\\/uploads\\\/2019\\\/01\\\/deskmodder-logo-app.png\",\"width\":281,\"height\":286,\"caption\":\"Deskmodder\"},\"image\":{\"@id\":\"https:\\\/\\\/www.deskmodder.de\\\/blog\\\/#\\\/schema\\\/logo\\\/image\\\/\"},\"sameAs\":[\"https:\\\/\\\/www.facebook.com\\\/Deskmodder\",\"https:\\\/\\\/x.com\\\/Deskmodder\",\"https:\\\/\\\/mastodontech.de\\\/@Deskmodder\",\"https:\\\/\\\/www.youtube.com\\\/user\\\/deskmodder\",\"https:\\\/\\\/mewe.com\\\/group\\\/5c83b5231add826fc80cdae1\"]}]}<\/script>\n<!-- \/ Yoast SEO Premium plugin. -->","yoast_head_json":{"title":"- Deskmodder.de","robots":{"index":"index","follow":"follow","max-snippet":"max-snippet:-1","max-image-preview":"max-image-preview:large","max-video-preview":"max-video-preview:-1"},"canonical":"https:\/\/www.deskmodder.de\/blog\/138873-2\/","og_locale":"de_DE","og_type":"article","og_description":"&nbsp; Deskmodder-App f\u00fcr Windows 10 und Windows 10 Mobile &nbsp; Deskmodder-App f\u00fcr Android &nbsp; Deskmodder-App f\u00fcr iPhone, iPad und iPod touch","og_url":"https:\/\/www.deskmodder.de\/blog\/138873-2\/","og_site_name":"Deskmodder.de","article_publisher":"https:\/\/www.facebook.com\/Deskmodder","og_image":[{"width":820,"height":590,"url":"https:\/\/www.deskmodder.de\/blog\/wp-content\/uploads\/2015\/04\/deskmodder_a.png","type":"image\/png"}],"twitter_card":"summary_large_image","twitter_site":"@Deskmodder","schema":{"@context":"https:\/\/schema.org","@graph":[{"@type":"WebPage","@id":"https:\/\/www.deskmodder.de\/blog\/138873-2\/","url":"https:\/\/www.deskmodder.de\/blog\/138873-2\/","name":"- Deskmodder.de","isPartOf":{"@id":"https:\/\/www.deskmodder.de\/blog\/#website"},"primaryImageOfPage":{"@id":"https:\/\/www.deskmodder.de\/blog\/138873-2\/#primaryimage"},"image":{"@id":"https:\/\/www.deskmodder.de\/blog\/138873-2\/#primaryimage"},"thumbnailUrl":"https:\/\/www.deskmodder.de\/blog\/wp-content\/uploads\/2015\/04\/deskmodder_a.png","datePublished":"2020-05-16T11:36:22+00:00","inLanguage":"de","potentialAction":[{"@type":"ReadAction","target":["https:\/\/www.deskmodder.de\/blog\/138873-2\/"]}]},{"@type":"ImageObject","inLanguage":"de","@id":"https:\/\/www.deskmodder.de\/blog\/138873-2\/#primaryimage","url":"https:\/\/www.deskmodder.de\/blog\/wp-content\/uploads\/2015\/04\/deskmodder_a.png","contentUrl":"https:\/\/www.deskmodder.de\/blog\/wp-content\/uploads\/2015\/04\/deskmodder_a.png","width":820,"height":590},{"@type":"WebSite","@id":"https:\/\/www.deskmodder.de\/blog\/#website","url":"https:\/\/www.deskmodder.de\/blog\/","name":"Deskmodder.de","description":"News zum Thema Microsoft, Windows 11 \/ 10, sowie anderen Neuigkeiten aus dem Netz, viele Tipps und individuelle Hilfe bei Problemen in unserem Forum \u25cf Deskmodder - seit 2003","publisher":{"@id":"https:\/\/www.deskmodder.de\/blog\/#organization"},"potentialAction":[{"@type":"SearchAction","target":{"@type":"EntryPoint","urlTemplate":"https:\/\/www.deskmodder.de\/blog\/?s={search_term_string}"},"query-input":{"@type":"PropertyValueSpecification","valueRequired":true,"valueName":"search_term_string"}}],"inLanguage":"de"},{"@type":"Organization","@id":"https:\/\/www.deskmodder.de\/blog\/#organization","name":"Deskmodder","url":"https:\/\/www.deskmodder.de\/blog\/","logo":{"@type":"ImageObject","inLanguage":"de","@id":"https:\/\/www.deskmodder.de\/blog\/#\/schema\/logo\/image\/","url":"https:\/\/www.deskmodder.de\/blog\/wp-content\/uploads\/2019\/01\/deskmodder-logo-app.png","contentUrl":"https:\/\/www.deskmodder.de\/blog\/wp-content\/uploads\/2019\/01\/deskmodder-logo-app.png","width":281,"height":286,"caption":"Deskmodder"},"image":{"@id":"https:\/\/www.deskmodder.de\/blog\/#\/schema\/logo\/image\/"},"sameAs":["https:\/\/www.facebook.com\/Deskmodder","https:\/\/x.com\/Deskmodder","https:\/\/mastodontech.de\/@Deskmodder","https:\/\/www.youtube.com\/user\/deskmodder","https:\/\/mewe.com\/group\/5c83b5231add826fc80cdae1"]}]}},"_links":{"self":[{"href":"https:\/\/www.deskmodder.de\/blog\/wp-json\/wp\/v2\/pages\/138873","targetHints":{"allow":["GET"]}}],"collection":[{"href":"https:\/\/www.deskmodder.de\/blog\/wp-json\/wp\/v2\/pages"}],"about":[{"href":"https:\/\/www.deskmodder.de\/blog\/wp-json\/wp\/v2\/types\/page"}],"author":[{"embeddable":true,"href":"https:\/\/www.deskmodder.de\/blog\/wp-json\/wp\/v2\/users\/1525"}],"replies":[{"embeddable":true,"href":"https:\/\/www.deskmodder.de\/blog\/wp-json\/wp\/v2\/comments?post=138873"}],"version-history":[{"count":0,"href":"https:\/\/www.deskmodder.de\/blog\/wp-json\/wp\/v2\/pages\/138873\/revisions"}],"wp:featuredmedia":[{"embeddable":true,"href":"https:\/\/www.deskmodder.de\/blog\/wp-json\/wp\/v2\/media\/41749"}],"wp:attachment":[{"href":"https:\/\/www.deskmodder.de\/blog\/wp-json\/wp\/v2\/media?parent=138873"}],"curies":[{"name":"wp","href":"https:\/\/api.w.org\/{rel}","templated":true}]}}